{"id":40,"date":"2020-03-27T11:06:02","date_gmt":"2020-03-27T10:06:02","guid":{"rendered":"http:\/\/host.sucurriculum.com\/noticias\/?page_id=40"},"modified":"2023-03-27T10:20:33","modified_gmt":"2023-03-27T08:20:33","slug":"politica-de-proteccion-de-datos","status":"publish","type":"page","link":"https:\/\/sucurriculum.com\/noticias\/politica-de-proteccion-de-datos\/","title":{"rendered":"Pol\u00edtica de Protecci\u00f3n de Datos"},"content":{"rendered":"\n<p>Conforme al Reglamento (UE) 2016\/679 de Protecci\u00f3n de Datos y Ley Org\u00e1nica 3\/2018 de Protecci\u00f3n de Datos Personal y garant\u00eda de los derechos digitales,, el responsable del sitio Web sucurriculum.com, se le informa a todos los usuarios del sitio Web que faciliten o vayan a facilitar sus datos personales, que estos ser\u00e1n incorporados en un fichero automatizado que se encuentra debidamente inscrito en la Agencia Espa\u00f1ola de Protecci\u00f3n de Datos.<br>Si desea ejercitar sus derechos de acceso, rectificaci\u00f3n, cancelaci\u00f3n u oposici\u00f3n, podr\u00e1 dirigirse al correo electr\u00f3nico&nbsp;<strong>info@sucurriculum.com<\/strong><\/p>\n\n\n\n<p><strong>En primer lugar aclara que usamos una app facebook para la publicaci\u00f3n de contenidos en nuestras fan page de facebook, esta aplicaci\u00f3n no es usada por terceros, solo es usada por nuestro equipo para la gesti\u00f3n de nuestras propias aplicaciones en nuestra propias fan page&#8230; por lo que NO rescata datos, ni pide datos ni permisos a ning\u00fan usuario que no sea de nuestro propio equipo de administradores&#8230; la app en resum\u00e9n no usa ning\u00fan dato de terceros de tipo alguno<\/strong><\/p>\n\n\n\n<p><br>Sus datos \u00fanicamente ser\u00e1n utilizados para los fines deabajo se\u00f1alados y descritos en nuestro\u00a0<strong><a href=\"https:\/\/sucurriculum.com\/noticias\/aviso-legal\/\">aviso legal<\/a><\/strong>, pudiendo ser cedidos a terceras empresas o profesionales siguiendo nuestra clausula legal, al mismo tiempo que aquellas comunicaciones a las Autoridades, Organismos u Oficinas de las Administraciones p\u00fablicas que fueran consentidas por el interesado o persona por \u00e9l autorizada para el adecuado cumplimiento de las obligaciones nacidas de los servicios contratados, o que resultaren preceptivas o autorizadas por Ley. Si desea ejercer sus derechos de acceso, rectificaci\u00f3n, cancelaci\u00f3n u oposici\u00f3n, puede hacerlo dirigi\u00e9ndose por escrito a la siguiente direcci\u00f3n: C\/ CRISTOBAL COL\u00d3N 5, 45694 TALAVERA LA NUEVA (TOLEDO). <strong>As\u00ed como al correo info@sucurriculum.com , si lo que necesita es suprimir su datos de nuestros sistema puede enviarnos un correo simplemente desde su correo electr\u00f3nico indicando \u00abborrar datos\u00bb<\/strong><\/p>\n\n\n\n<p><strong>Derecho de Informaci\u00f3n para Usuarios<\/strong><br>Si el Usuario decide registrarse en sucurriculum.com, se solicitar\u00e1n los datos necesarios para la consecuci\u00f3n de los fines y finalidades a los que est\u00e1 destinado el Sitio Web. Los datos de cumplimentaci\u00f3n obligatoria se especifican en el propio formulario, y su negativa a suministrarlos implicar\u00e1 no poderse dar de alta en el portal sucurriculum.com.<\/p>\n\n\n\n<p>Para poder dar de alta al Usuario, \u00e9ste deber\u00e1 completar un formulario electr\u00f3nico inicial y aceptar las condiciones de uso y pol\u00edtica de privacidad de sucurriculum.com. Seguidamente, recibir\u00e1 un correo electr\u00f3nico a la direcci\u00f3n de correo electr\u00f3nico por \u00e9l indicada, con la finalidad de validar el proceso de alta y verificar la direcci\u00f3n de correo electr\u00f3nico. Si no se verifica la direcci\u00f3n de correo electr\u00f3nico, el alta no ser\u00e1 tramitada y se proceder\u00e1 a su cancelaci\u00f3n. Esta f\u00f3rmula solo se sigue en los servicios descritos donde sea necesario un registro.<\/p>\n\n\n\n<p><br>Tramitada el alta, y para poder prestar los servicios que ofrece sucurriculum.com, se requiere que el Usuario cumplimente informaci\u00f3n adicional (por ejemplo, si se quiere inscribir en ofertas ser\u00e1 necesario tener su curr\u00edculum registrado), lo cual conlleva facilitar datos de car\u00e1cter personal necesarios para las funciones y finalidades descritas. El tratamiento de los datos de los Usuarios est\u00e1 enfocado a la realizaci\u00f3n de los servicios del portal de sucurriculum.com, siempre dentro del marco normativo establecido.<\/p>\n\n\n\n<p><br>Complementariamente, puede incluir reconocimientos y premios, afiliaciones profesionales.<\/p>\n\n\n\n<p>El Usuario consiente que si facilita informaci\u00f3n adicional, el candidato sacar\u00e1 mayor provecho de sucurriculum.com ya que esta secci\u00f3n le ayudar\u00e1 a expresar su perfil profesional, a encontrar otros profesionales, oportunidades e informaci\u00f3n.<\/p>\n\n\n\n<p>Queda informado el usuario que sus datos ser\u00e1n cedidos a terceros, en su caso empresas, profesionales o instituciones que publiquen ofertas de empleo y a las que usted libremente como usuario decida inscribirse <\/p>\n\n\n\n<p><strong>Finalidades de la recogida y tratamiento de los datos personales<\/strong><\/p>\n\n\n\n<p>Los datos que suministran los Usuarios a trav\u00e9s del formulario de registro habilitado al efecto en www.sucurriculum.com son recabados por sucurriculum.com con la finalidad de gesti\u00f3n de los candidatos y la prestaci\u00f3n de los servicios de sucurriculum.com a los Usuarios.<\/p>\n\n\n\n<p>Los formularios de optenci\u00f3n de informaci\u00f3n a pie de cursos y oposiciones, son recabados por sucurriculum.com con la finalidad de gestionar las peticiones de mayor informaci\u00f3n o inscripci\u00f3n a dicha formaci\u00f3n,&nbsp;<strong><em>estos datos pueden ser cedidos a terceras empresas o instituciones que podr\u00e1n atender las petici\u00f3nes directamente contactacto mediante sus propios medios bien mediante correo, visitas, tel\u00e9fono o email. Sus datos solo podr\u00e1n ser utilizados con el fin mismo de responder a su demanda de informaci\u00f3n.<\/em>&nbsp;Velamos por el cumplimiento por parte de estas terceras empresas o instituciones del cumplimiento de la legislaci\u00f3n en materia de protecci\u00f3n de datos y podr\u00e1n ejercer su derechos en todo momento. .<\/strong><\/p>\n\n\n\n<p>Los formularios de optenci\u00f3n de informaci\u00f3n a pie ciertos art\u00edculos de forma escepcional puede recabar informaci\u00f3n por parte del usuario para pedir informaci\u00f3n como es el caso de franquicias, oportunidades de empleo, encuestas y otros, son recabados por sucurriculum.com con la finalidad de gestionar las peticiones de mayor informaci\u00f3n&nbsp;<strong><em>estos datos pueden ser cedidos a terceras empresas o instituciones que podr\u00e1n atender las petici\u00f3nes directamente contactacto mediante sus propios medios bien mediante correo, visitas, tel\u00e9fono o email. Sus datos solo podr\u00e1n ser utilizados con el fin mismo de responder a su demanda de informaci\u00f3n.<\/em>&nbsp;Velamos por el cumplimiento por parte de estas terceras empresas o instituciones del cumplimiento de la legislaci\u00f3n en materia de protecci\u00f3n de datos y podr\u00e1n ejercer su derechos en todo momento. .<\/strong><\/p>\n\n\n\n<p>Los datos que se suministran al servicios de alertas se recaban con la finalidad de enviar alertas de empleo, oportunidades de negocio, empleo p\u00fablico y diversas informaci\u00f3n adecuadas a los usos de sucurriculum.com<\/p>\n\n\n\n<p><br><strong>Car\u00e1cter obligatorio o facultativo de la informaci\u00f3n facilitada por el Usuario y<br>veracidad de los datos<\/strong><\/p>\n\n\n\n<p>Los campos marcados como obligatorios en el formulario de registro a cumplimentar por el Usuario son estrictamente necesarios para atender a su petici\u00f3n, siendo voluntaria la inclusi\u00f3n de datos en los campos restantes.<\/p>\n\n\n\n<p><br>El Usuario garantiza que los datos personales facilitados a sucurriculum.com son veraces y se hace responsable de comunicar cualquier modificaci\u00f3n de los mismos. Tambi\u00e9n garantiza que toda la informaci\u00f3n de car\u00e1cter personal que facilite es exacta y est\u00e1 puesta al d\u00eda de forma que responde con veracidad a su situaci\u00f3n actual. Corresponde y es su obligaci\u00f3n mantener, en todo momento, sus datos actualizados, siendo el \u00fanico responsable de la inexactitud o falsedad de los datos facilitados y de los perjuicios que pueda causar por ello a sucurriculum.com o a terceros con motivo de la utilizaci\u00f3n de los servicios ofrecidos.<\/p>\n\n\n\n<p><br>GIL DEL MAZO, S.L., garantiza la confidencialidad de los datos personales que obren en sus ficheros y adoptar\u00e1 las medidas reglamentarias que eviten, en la medida de lo posible, su alteraci\u00f3n, p\u00e9rdida, tratamiento o acceso no autorizado.<\/p>\n\n\n\n<p>Una vez dejen de ser necesarios los datos personales proporcionados, se proceder\u00e1 a su cancelaci\u00f3n en nuestros ficheros y a la destrucci\u00f3n o devoluci\u00f3n al titular de los datos, seg\u00fan el caso, de los soportes en los que se recoja la informaci\u00f3n con datos personales facilitada, sin que se admita la conservaci\u00f3n de copias de dicha informaci\u00f3n.<\/p>\n\n\n\n<p><strong>POLITICA DE SEGURIDAD<\/strong><\/p>\n\n\n\n<p>De conformidad con la legislaci\u00f3n vigente, se han implementado medidas de seguridad para la protecci\u00f3n contra la p\u00e9rdida, el mal uso y la alteraci\u00f3n de la informaci\u00f3n. La informaci\u00f3n queda almacenada en un servidor con adecuadas medidas de seguridad. S\u00f3lo tiene acceso a la informaci\u00f3n el personal autorizado.<\/p>\n\n\n\n<p>En todo caso no se puede garantizar la invulnerabilidad absoluta del sistemas de seguridad, ni puede garantizar la seguridad o inviolabilidad de dichos datos en su transmisi\u00f3n a trav\u00e9s de la red.<\/p>\n\n\n\n<p>Se han adoptado los niveles de seguridad de protecci\u00f3n de los datos personales instalando todos los medios y medidas t\u00e9cnicas a nuestro alcance para evitar la p\u00e9rdida, mal uso, alteraci\u00f3n, acceso no autorizado y robo de los datos personales facilitados a los site de sucurriculum. Ello no obstante, el usuario debe ser consciente de que las medidas de seguridad en Internet no son inexpugnables.<\/p>\n\n\n\n<p>Gil Del Mazo S.L. es asistido por empresas especializadas en material del cumplimiento de ley de protecci\u00f3n de datos y hemos recibido el&nbsp;siguiente certificado:<\/p>\n\n\n\n<div class=\"wp-block-file\"><a id=\"wp-block-file--media-f59e42bc-d936-4869-bc84-40ee855bb10f\" href=\"https:\/\/sucurriculum.com\/noticias\/wp-content\/uploads\/2020\/06\/Anexo-14-CERTIFICADO-LOPD.pdf\">Anexo 14 CERTIFICADO LOPD<\/a><a href=\"https:\/\/sucurriculum.com\/noticias\/wp-content\/uploads\/2020\/06\/Anexo-14-CERTIFICADO-LOPD.pdf\" class=\"wp-block-file__button wp-element-button\" download aria-describedby=\"wp-block-file--media-f59e42bc-d936-4869-bc84-40ee855bb10f\">Descarga<\/a><\/div>\n","protected":false},"excerpt":{"rendered":"<p>Conforme al Reglamento (UE) 2016\/679 de Protecci&oacute;n de Datos y Ley Org&aacute;nica 3\/2018 de Protecci&oacute;n de Datos Personal y garant&iacute;a de los derechos digitales,, el responsable del sitio Web sucurriculum.com, se le informa a todos los usuarios del sitio Web que faciliten o vayan a facilitar sus datos personales, que estos ser&aacute;n incorporados en un [&hellip;]<\/p>\n","protected":false},"author":1,"featured_media":0,"parent":0,"menu_order":0,"comment_status":"closed","ping_status":"closed","template":"","meta":{"footnotes":""},"class_list":["post-40","page","type-page","status-publish","hentry"],"amp_enabled":true,"_links":{"self":[{"href":"https:\/\/sucurriculum.com\/noticias\/wp-json\/wp\/v2\/pages\/40","targetHints":{"allow":["GET"]}}],"collection":[{"href":"https:\/\/sucurriculum.com\/noticias\/wp-json\/wp\/v2\/pages"}],"about":[{"href":"https:\/\/sucurriculum.com\/noticias\/wp-json\/wp\/v2\/types\/page"}],"author":[{"embeddable":true,"href":"https:\/\/sucurriculum.com\/noticias\/wp-json\/wp\/v2\/users\/1"}],"replies":[{"embeddable":true,"href":"https:\/\/sucurriculum.com\/noticias\/wp-json\/wp\/v2\/comments?post=40"}],"version-history":[{"count":9,"href":"https:\/\/sucurriculum.com\/noticias\/wp-json\/wp\/v2\/pages\/40\/revisions"}],"predecessor-version":[{"id":8310,"href":"https:\/\/sucurriculum.com\/noticias\/wp-json\/wp\/v2\/pages\/40\/revisions\/8310"}],"wp:attachment":[{"href":"https:\/\/sucurriculum.com\/noticias\/wp-json\/wp\/v2\/media?parent=40"}],"curies":[{"name":"wp","href":"https:\/\/api.w.org\/{rel}","templated":true}]}}