{"id":1725,"date":"2020-06-15T17:45:47","date_gmt":"2020-06-15T15:45:47","guid":{"rendered":"https:\/\/sucurriculum.com\/noticias\/?page_id=1725"},"modified":"2020-06-15T17:45:47","modified_gmt":"2020-06-15T15:45:47","slug":"como-realizar-un-buen-articulo-promocional-de-tu-empresa","status":"publish","type":"page","link":"https:\/\/sucurriculum.com\/noticias\/como-realizar-un-buen-articulo-promocional-de-tu-empresa\/","title":{"rendered":"Como realizar un buen articulo promocional de tu empresa"},"content":{"rendered":"\n<p>A menudo, cuando tenemos que redactar textos de una empresa (para nuestra web, un folleto o cualquier otro soporte) tenemos la necesidad de utilizar un vocabulario solemne y de enfatizar los valores de su empresa usando un mont\u00f3n de adjetivos y expresiones rimbombantes.<\/p>\n\n\n\n<p>Esas t\u00e9cnicas funcionaban antes, pero, al igual que la publicidad se est\u00e1 adaptando a una audiencia exigente que ya no se cree cualquier cosa y que demanda contenidos de inter\u00e9s y busca un valor a\u00f1adido.<\/p>\n\n\n\n<p>La informaci\u00f3n debe ir acorde con los nuevos tiempos y con el tipo de p\u00fablico al que se dirige: un p\u00fablico informado que tiene todo el conocimiento al alcance de su mano y para el que es muy f\u00e1cil contrastar cualquier exageraci\u00f3n que lea sobre una empresa.<\/p>\n\n\n\n<p>Hay algunos errores muy frecuentes que hacen que un texto corporativo resulte vac\u00edo de contenido y poco cre\u00edble:<\/p>\n\n\n\n<ol class=\"wp-block-list\"><li>Abusar de adjetivos positivos: espectacular, innovador, pionero, \u00fanico\u2026<\/li><li>Usar terminolog\u00eda t\u00edpica de mensajes publicitarios o de campa\u00f1as de marketing: \u00abuna ocasi\u00f3n \u00fanica\u00bb, \u00abun evento inigualable\u00bb\u2026<\/li><li>Repetir demasiadas veces el nombre de tu empresa suele ser cargante e in\u00fatil.<\/li><li>Mentir o exagerar: los lectores tardar\u00e1n muy poco en descubrir la verdad.<\/li><li>Decantarse por alguna de las frases demasiado utilizadas, que utilizas las \u00ab\u00faltimas tecnolog\u00edas\u00bb puede que sea cierto en algunos casos, pero es tal el abuso de esa expresi\u00f3n que el lector pasa de ella. Si dices que \u00abvuestra filosof\u00eda se basa en la innovaci\u00f3n constante\u00bb, aseg\u00farate que as\u00ed sea. Si hace falta, pon algunos ejemplos.<\/li><li>Escribir eufemismos: hay que tener cuidado con ellos porque, en ocasiones, donde t\u00fa escribes \u00abequipo joven\u00bb el lector puede entender \u00abinexperto\u00bb, donde pones \u00abexigente\u00bb puede entender \u00abimpertinente\u00bb. De nuevo, para ser cre\u00edble es mucho mejor decir las cosas como son en lugar de maquillarlas.<\/li><\/ol>\n\n\n\n<p>Por otro lado hay algunas recomendaciones para que los textos corporativos sean claros y transmitan confianza:<\/p>\n\n\n\n<ol class=\"wp-block-list\"><li>Describir los servicios de tu empresa como se los contar\u00edas a un familiar o a un amigo, descartando as\u00ed las frases arcaicas o el lenguaje excesivamente t\u00e9cnico.<\/li><li>No debes presuponer al p\u00fablico conocimientos especializados que quiz\u00e1 solo posea una parte del mismo. Siempre es mejor ser prudente y dar explicaciones breves y sencillas para asegurarte de que nadie se pierda en tu discurso.<\/li><li>Verificar repetidas veces las cifras y datos que ofrezcas.<\/li><li>Eliminar todo aquello que no explique qu\u00e9 es lo que realmente diferencia a tu empresa. <\/li><li>Pedir opini\u00f3n a personas ajenas a tu empresa sobre la comprensibilidad de tu texto y lo que este transmite.<\/li><\/ol>\n\n\n\n<p>Por \u00faltimo, durante la construcci\u00f3n de textos corporativos, hay que ser consciente de la imagen que proyecta la empresa cuando es vista desde fuera. Por supuesto, a trav\u00e9s de la comunicaci\u00f3n se puede trabajar en cambiar esa imagen, pero es un error escribir como si ya lo hubi\u00e9ramos conseguido, como si ya fuera la empresa que queremos que sea: se pierde la conexi\u00f3n con el lector y el mensaje es menos eficaz.<\/p>\n","protected":false},"excerpt":{"rendered":"<p>A menudo, cuando tenemos que redactar textos de una empresa (para nuestra web, un folleto o cualquier otro soporte) tenemos la necesidad de utilizar un vocabulario solemne y de enfatizar los valores de su empresa usando un mont&oacute;n de adjetivos y expresiones rimbombantes. Esas t&eacute;cnicas funcionaban antes, pero, al igual que la publicidad se est&aacute; [&hellip;]<\/p>\n","protected":false},"author":2,"featured_media":1732,"parent":0,"menu_order":0,"comment_status":"closed","ping_status":"closed","template":"","meta":{"footnotes":""},"class_list":["post-1725","page","type-page","status-publish","has-post-thumbnail","hentry"],"amp_enabled":true,"_links":{"self":[{"href":"https:\/\/sucurriculum.com\/noticias\/wp-json\/wp\/v2\/pages\/1725","targetHints":{"allow":["GET"]}}],"collection":[{"href":"https:\/\/sucurriculum.com\/noticias\/wp-json\/wp\/v2\/pages"}],"about":[{"href":"https:\/\/sucurriculum.com\/noticias\/wp-json\/wp\/v2\/types\/page"}],"author":[{"embeddable":true,"href":"https:\/\/sucurriculum.com\/noticias\/wp-json\/wp\/v2\/users\/2"}],"replies":[{"embeddable":true,"href":"https:\/\/sucurriculum.com\/noticias\/wp-json\/wp\/v2\/comments?post=1725"}],"version-history":[{"count":3,"href":"https:\/\/sucurriculum.com\/noticias\/wp-json\/wp\/v2\/pages\/1725\/revisions"}],"predecessor-version":[{"id":1733,"href":"https:\/\/sucurriculum.com\/noticias\/wp-json\/wp\/v2\/pages\/1725\/revisions\/1733"}],"wp:featuredmedia":[{"embeddable":true,"href":"https:\/\/sucurriculum.com\/noticias\/wp-json\/wp\/v2\/media\/1732"}],"wp:attachment":[{"href":"https:\/\/sucurriculum.com\/noticias\/wp-json\/wp\/v2\/media?parent=1725"}],"curies":[{"name":"wp","href":"https:\/\/api.w.org\/{rel}","templated":true}]}}