{"id":1636,"date":"2020-06-11T17:53:11","date_gmt":"2020-06-11T15:53:11","guid":{"rendered":"https:\/\/sucurriculum.com\/noticias\/?page_id=1636"},"modified":"2020-06-15T17:23:00","modified_gmt":"2020-06-15T15:23:00","slug":"impulsa-tu-negocio-con-sucurriculum-com","status":"publish","type":"page","link":"https:\/\/sucurriculum.com\/noticias\/impulsa-tu-negocio-con-sucurriculum-com\/","title":{"rendered":"IMPULSA TU NEGOCIO con sucurriculum.com"},"content":{"rendered":"\n<p>\u00bfQuieres promocionar tu web? \u00bftienes un negocio o tienda y necesitas que m\u00e1s gente te conozca? \u00bfQuieres impulsar un producto nuevo o aumentar tus ventas? \u00bfTe gustar\u00eda fomentar tu negocio como Franquicia? nosotros podemos ayudarte, te vamos a explicar como puedes hacerlo de manera sencilla con nuestros servicios.<\/p>\n\n\n\n<p>La promoci\u00f3n de un negocio por internet en tiempos modernos es algo vital si quieres tener \u00e9xito y mantenerlo a flote. Buena parte del tr\u00e1fico de cualquier web proviene de los buscadores por tanto es fundamental tener un buen posicionamiento en internet, ya que a d\u00eda de hoy si no apareces en la primera p\u00e1gina del buscador apenas existes. Para ello necesitas dedicar tiempo a tu posicionamiento SEO a trav\u00e9s de m\u00e9todos y herramientas. Esto determinar\u00e1 en gran medida que tu negocio pueda proliferar en los resultados, clientes y ventas.<\/p>\n\n\n\n<p>Aunque dispongamos de un buen producto lo realmente dif\u00edcil es conseguir que sea conocido. En muchos casos es sabido que productos con una calidad inferior a otros competidores tienen \u00e9xito en el mercado gracias a una mejor campa\u00f1a de marketing, llegando de manera m\u00e1s directa al p\u00fablico objetivo. <\/p>\n\n\n\n<p>Una excelente opci\u00f3n para promover tu p\u00e1gina web es que otros lo hagan por ti. No solo porque esto te ayudar\u00e1 a ahorrar un mont\u00f3n de tiempo y recursos, adem\u00e1s te da visibilidad en otros sectores a los cuales no podr\u00edas haber llegado solo.<\/p>\n\n\n\n<p>Son por estos motivos por los que debes saber que somos una web con un alcance muy efectivo en este \u00e1mbito. Nos dedicamos a publicar ofertas de empleo para ayudar a la gente a tener una oportunidad en el mercado laboral, por tanto llegar\u00e1s a un p\u00fablico en situaci\u00f3n de desempleo, que necesita generar ingresos y est\u00e1n abiertos a la posibilidad de abrir su propio negocio o intentar nuevos proyectos. <\/p>\n\n\n\n<p>Nuestra web se convertir\u00e1 en una herramienta muy eficaz,  capaz de realizar un gran alcance y muy certero con un solo articulo de promoci\u00f3n. Actualmente tenemos m\u00e1s de 2.500.000 de seguidores en nuestros perfiles sociales, mantenemos p\u00e1ginas facebook por cada una de las ciudades de Espa\u00f1a, pudiendo realizar de esta manera un servicio mucho mas localizado y acertado. <\/p>\n\n\n\n<p><a href=\"https:\/\/sucurriculum.com\/noticias\/\">Sucurriculum.com<\/a> nunca tiene un movimiento inferior a las 25.000 visitas diarias, llegando a los 80.000 &#8211; 100.000 en los meses de mayor tr\u00e1fico.<\/p>\n\n\n\n<p>Solo en nuestra <a href=\"https:\/\/www.facebook.com\/blogsucurriculum\">p\u00e1gina de redacci\u00f3n de facebook<\/a> contamos con m\u00e1s de 370.000 seguidores. Casi todas nuestros p\u00e1ginas locales tienen m\u00e1s de 100.000 seguidores (<a href=\"https:\/\/www.facebook.com\/OfertasTrabajoSevilla\">Sucurriculum Sevilla<\/a>).<\/p>\n\n\n\n<p>Son muchas las empresas que nos env\u00edan diariamente sus ofertas de empleo. Disponemos de m\u00e1s de 1.000.000 de suscriptores.<\/p>\n\n\n\n<p>Contamos son software propio a medida que potencia nuestras aplicaciones. Nuestro equipo de desarrollo puede adaptarse a cualquier propuesta o idea, y son varias las empresas con las que hemos alcanzado acuerdos construyendo API o adapt\u00e1ndonos a sus necesidades.<\/p>\n\n\n\n<p>Por todo esto pensamos que podemos ser muy \u00fatiles para empresas interesadas en este nicho y hemos iniciado una nueva campa\u00f1a dirigida a empresas que quieran expandirse y aumentar ingresos. <\/p>\n\n\n\n<p>Nuestro servicio es sencillo, crear art\u00edculos con los credenciales de empresa, tal y como quieres promocionarte, envi\u00e1rnoslo y nosotros lo pondremos a trabajar. Pudiendo realizar algunas variantes como preparar un entrevista en directo a trav\u00e9s de facebook o publicar un v\u00eddeo corporativo. De un solo golpe conseguir\u00e1s gran audiencia. Esto har\u00e1 que pronto consigas un mejor posicionamiento en las b\u00fasquedas de internet haciendo que tu web sea mas visible. <\/p>\n\n\n\n<p>Con una inversi\u00f3n m\u00ednima ver\u00e1s grandes resultados. Algunas empresas ya han probado y est\u00e1n muy satisfechos con el resultado. Aqu\u00ed te dejamos <a href=\"https:\/\/sucurriculum.com\/noticias\/los-beneficios-de-preparar-una-oposicion-con-opositatest\/\">como es el resultado en nuestra web<\/a>.<\/p>\n\n\n\n<figure class=\"wp-block-image size-large\"><img loading=\"lazy\" decoding=\"async\" width=\"600\" height=\"315\" src=\"https:\/\/sucurriculum.com\/noticias\/wp-content\/uploads\/2020\/06\/Sin-t\u00edtulo-1-31.jpg\" alt=\"\" class=\"wp-image-1730\" srcset=\"https:\/\/sucurriculum.com\/noticias\/wp-content\/uploads\/2020\/06\/Sin-t\u00edtulo-1-31.jpg 600w, https:\/\/sucurriculum.com\/noticias\/wp-content\/uploads\/2020\/06\/Sin-t\u00edtulo-1-31-300x158.jpg 300w, https:\/\/sucurriculum.com\/noticias\/wp-content\/uploads\/2020\/06\/Sin-t\u00edtulo-1-31-410x215.jpg 410w, https:\/\/sucurriculum.com\/noticias\/wp-content\/uploads\/2020\/06\/Sin-t\u00edtulo-1-31-100x53.jpg 100w, https:\/\/sucurriculum.com\/noticias\/wp-content\/uploads\/2020\/06\/Sin-t\u00edtulo-1-31-275x144.jpg 275w\" sizes=\"auto, (max-width: 600px) 100vw, 600px\" \/><\/figure>\n\n\n\n<p>Una vez tengas preparado tu texto ponte en contacto con nosotros a trav\u00e9s de el siguiente formulario y enseguida tendr\u00e1s una respuesta de nuestros agentes.<\/p>\n\n\n\n<p>\u00bfNo sabes como realizar un buen post de tu empresa? te ayudamos con algunos consejos. Pulsa en este enlace para ir al post.<\/p>\n\n\n\n<div class=\"forminator-guttenberg\"><div class=\"forminator-ui forminator-custom-form forminator-custom-form-1638 forminator-design--default  forminator_ajax\" data-forminator-render=\"0\" data-form=\"forminator-module-1638\" data-uid=\"69f1e65a19fce\"><br\/><\/div><form\n\t\t\t\tid=\"forminator-module-1638\"\n\t\t\t\tclass=\"forminator-ui forminator-custom-form forminator-custom-form-1638 forminator-design--default  forminator_ajax\"\n\t\t\t\tmethod=\"post\"\n\t\t\t\tdata-forminator-render=\"0\"\n\t\t\t\tdata-form-id=\"1638\"\n\t\t\t\t data-color-option=\"default\" data-design=\"default\" data-grid=\"open\" style=\"display: none;\"\n\t\t\t\tdata-uid=\"69f1e65a19fce\"\n\t\t\t><div role=\"alert\" aria-live=\"polite\" class=\"forminator-response-message forminator-error\" aria-hidden=\"true\"><\/div><div class=\"forminator-row\"><div id=\"name-1\" class=\"forminator-field-name forminator-col forminator-col-12 \"><div class=\"forminator-field\"><label for=\"forminator-field-name-1_69f1e65a19fce\" id=\"forminator-field-name-1_69f1e65a19fce-label\" class=\"forminator-label\">Nombre <span class=\"forminator-required\">*<\/span><\/label><input type=\"text\" name=\"name-1\" value=\"\" placeholder=\"Ejemplo: Pepito Perez\" id=\"forminator-field-name-1_69f1e65a19fce\" class=\"forminator-input forminator-name--field\" aria-required=\"true\" autocomplete=\"name\" \/><\/div><\/div><\/div><div class=\"forminator-row\"><div id=\"email-1\" class=\"forminator-field-email forminator-col forminator-col-12 \"><div class=\"forminator-field\"><label for=\"forminator-field-email-1_69f1e65a19fce\" id=\"forminator-field-email-1_69f1e65a19fce-label\" class=\"forminator-label\">Correo <span class=\"forminator-required\">*<\/span><\/label><input type=\"email\" name=\"email-1\" value=\"\" placeholder=\"Ejemplo: minombre@dominio.com\" id=\"forminator-field-email-1_69f1e65a19fce\" class=\"forminator-input forminator-email--field\" data-required=\"1\" aria-required=\"true\" autocomplete=\"email\" \/><\/div><\/div><\/div><div class=\"forminator-row\"><div id=\"textarea-1\" class=\"forminator-field-textarea forminator-col forminator-col-12 \"><div class=\"forminator-field\"><label for=\"forminator-field-textarea-1_69f1e65a19fce\" id=\"forminator-field-textarea-1_69f1e65a19fce-label\" class=\"forminator-label\">Mensaje <span class=\"forminator-required\">*<\/span><\/label><textarea name=\"textarea-1\" placeholder=\"Escriba aqu\u00ed su mensaje\" id=\"forminator-field-textarea-1_69f1e65a19fce\" class=\"forminator-textarea\" rows=\"6\" style=\"min-height:140px;\" maxlength=\"750\" ><\/textarea><span id=\"forminator-field-textarea-1_69f1e65a19fce-description\" class=\"forminator-description\"><span data-limit=\"750\" data-type=\"characters\" data-editor=\"\">0 \/ 750<\/span><\/span><\/div><\/div><\/div><div class=\"forminator-row\"><div id=\"gdprcheckbox-1\" class=\"forminator-field-gdprcheckbox forminator-col forminator-col-12 \"><div class=\"forminator-field\"><label for=\"forminator-field-gdprcheckbox-1_69f1e65a19fce\" id=\"forminator-field-gdprcheckbox-1_69f1e65a19fce-label\" class=\"forminator-label\">Protecci\u00f3n de Datos y Aviso Legal <span class=\"forminator-required\">*<\/span><\/label><label for=\"forminator-field-gdprcheckbox-1_69f1e65a19fce\" class=\"forminator-checkbox\"><input type=\"checkbox\" name=\"gdprcheckbox-1\" value=\"true\" id=\"forminator-field-gdprcheckbox-1_69f1e65a19fce\" data-required=\"true\" aria-required=\"true\" \/><span class=\"forminator-checkbox-box\" aria-hidden=\"true\"><\/span><span class=\"forminator-checkbox-label\"><p>Acepta nuestra pol\u00edtica de <a href=\"https:\/\/sucurriculum.com\/noticias\/politica-de-proteccion-de-datos\/\">protecci\u00f3n de datos<\/a> y <a href=\"https:\/\/sucurriculum.com\/noticias\/aviso-legal\/\">aviso legal<\/a><\/p><\/span><\/label><\/div><\/div><\/div><div class=\"forminator-row\"><div id=\"captcha-1\" class=\"forminator-field-captcha forminator-col forminator-col-12 \"><div class=\"forminator-captcha-left forminator-g-recaptcha recaptcha-invisible\" data-theme=\"light\" data-badge=\"inline\" data-sitekey=\"6Lfq_OcUAAAAABRaDYy8oveAq87nsisPRq7Hkoea\" data-size=\"invisible\"><\/div> <\/div><\/div><input type=\"hidden\" name=\"referer_url\" value=\"\" \/><div class=\"forminator-row forminator-row-last\"><div class=\"forminator-col\"><div class=\"forminator-field\"><button class=\"forminator-button forminator-button-submit\">Enviar<\/button><\/div><\/div><\/div><input type=\"hidden\" id=\"forminator_nonce\" name=\"forminator_nonce\" value=\"6f7a2ea67f\" \/><input type=\"hidden\" name=\"_wp_http_referer\" value=\"\/noticias\/wp-json\/wp\/v2\/pages\/1636\" \/><input type=\"hidden\" name=\"form_id\" value=\"1638\"><input type=\"hidden\" name=\"page_id\" value=\"1636\"><input type=\"hidden\" name=\"form_type\" value=\"default\"><input type=\"hidden\" name=\"current_url\" value=\"https:\/\/sucurriculum.com\/noticias\/impulsa-tu-negocio-con-sucurriculum-com\/\"><input type=\"hidden\" name=\"render_id\" value=\"0\"><input type=\"hidden\" name=\"action\" value=\"forminator_submit_form_custom-forms\"><\/form><\/div>\n","protected":false},"excerpt":{"rendered":"<p>&iquest;Quieres promocionar tu web? &iquest;tienes un negocio o tienda y necesitas que m&aacute;s gente te conozca? &iquest;Quieres impulsar un producto nuevo o aumentar tus ventas? &iquest;Te gustar&iacute;a fomentar tu negocio como Franquicia? nosotros podemos ayudarte, te vamos a explicar como puedes hacerlo de manera sencilla con nuestros servicios. La promoci&oacute;n de un negocio por internet [&hellip;]<\/p>\n","protected":false},"author":1,"featured_media":1483,"parent":0,"menu_order":0,"comment_status":"closed","ping_status":"closed","template":"","meta":{"footnotes":""},"class_list":["post-1636","page","type-page","status-publish","has-post-thumbnail","hentry"],"amp_enabled":true,"_links":{"self":[{"href":"https:\/\/sucurriculum.com\/noticias\/wp-json\/wp\/v2\/pages\/1636","targetHints":{"allow":["GET"]}}],"collection":[{"href":"https:\/\/sucurriculum.com\/noticias\/wp-json\/wp\/v2\/pages"}],"about":[{"href":"https:\/\/sucurriculum.com\/noticias\/wp-json\/wp\/v2\/types\/page"}],"author":[{"embeddable":true,"href":"https:\/\/sucurriculum.com\/noticias\/wp-json\/wp\/v2\/users\/1"}],"replies":[{"embeddable":true,"href":"https:\/\/sucurriculum.com\/noticias\/wp-json\/wp\/v2\/comments?post=1636"}],"version-history":[{"count":8,"href":"https:\/\/sucurriculum.com\/noticias\/wp-json\/wp\/v2\/pages\/1636\/revisions"}],"predecessor-version":[{"id":1731,"href":"https:\/\/sucurriculum.com\/noticias\/wp-json\/wp\/v2\/pages\/1636\/revisions\/1731"}],"wp:featuredmedia":[{"embeddable":true,"href":"https:\/\/sucurriculum.com\/noticias\/wp-json\/wp\/v2\/media\/1483"}],"wp:attachment":[{"href":"https:\/\/sucurriculum.com\/noticias\/wp-json\/wp\/v2\/media?parent=1636"}],"curies":[{"name":"wp","href":"https:\/\/api.w.org\/{rel}","templated":true}]}}