{"id":1634,"date":"2020-06-11T17:51:35","date_gmt":"2020-06-11T15:51:35","guid":{"rendered":"https:\/\/sucurriculum.com\/noticias\/?page_id=1634"},"modified":"2020-06-11T17:51:36","modified_gmt":"2020-06-11T15:51:36","slug":"servicios-sucurriculum-com","status":"publish","type":"page","link":"https:\/\/sucurriculum.com\/noticias\/servicios-sucurriculum-com\/","title":{"rendered":"Servicios Sucurriculum.com"},"content":{"rendered":"\n<p>Como muchos ya sab\u00e9is nuestro portal trata de ayudar a nuestros seguidores a encontrar un puesto de trabajo y mantenerse informado sobre todos los temas de actualidad relacionados con el empleo. Tanto noticias de actualidad, como ayudas econ\u00f3micas,  consejos y mucho mas .<\/p>\n\n\n\n<p>En nuestro blog dispones de diferentes secciones donde puedes encontrar Ofertas de Empleo a gran escala, Oposiciones, Cursos, Ayudas, Consejos, Noticias de empleo, noticias de actualidad, etc&#8230;<\/p>\n\n\n\n<p>En otra secci\u00f3n disponemos de oposiciones por ciudades, peque\u00f1as oposiciones, donde las convocatorias son para puestos reducidos, una o dos plazas que van saliendo por las diferentes ciudades de Espa\u00f1a.<\/p>\n\n\n\n<p>Nuestra secci\u00f3n mas innovadora es donde puedes crearte tu propio curriculum online, digital y donde tendr\u00e1s tu secci\u00f3n para promocionarte y diferenciarte del resto de candidatos en tus entrevistas de trabajo. <\/p>\n\n\n\n<p>Todo esto y mucho mas pasaremos a explicarlo paso a paso a continuaci\u00f3n:<\/p>\n\n\n\n<h2 class=\"wp-block-heading\"><strong>\u00bfConoces todos los servicios que ofrecemos?<\/strong><\/h2>\n\n\n\n<p>Una vez que te encuentras en el web, en la parte superior de la Web puedes comprobar las diferentes pesta\u00f1as: Inicio, Empleo por ciudades, Categor\u00edas, Tu Curriculum y Ofrecer empleo.<\/p>\n\n\n\n<figure class=\"wp-block-image size-large\"><img loading=\"lazy\" decoding=\"async\" width=\"600\" height=\"315\" src=\"https:\/\/sucurriculum.com\/noticias\/wp-content\/uploads\/2020\/06\/Sin-t\u00edtulo-1-2.jpg\" alt=\"\" class=\"wp-image-1434\" srcset=\"https:\/\/sucurriculum.com\/noticias\/wp-content\/uploads\/2020\/06\/Sin-t\u00edtulo-1-2.jpg 600w, https:\/\/sucurriculum.com\/noticias\/wp-content\/uploads\/2020\/06\/Sin-t\u00edtulo-1-2-300x158.jpg 300w, https:\/\/sucurriculum.com\/noticias\/wp-content\/uploads\/2020\/06\/Sin-t\u00edtulo-1-2-410x215.jpg 410w, https:\/\/sucurriculum.com\/noticias\/wp-content\/uploads\/2020\/06\/Sin-t\u00edtulo-1-2-100x53.jpg 100w, https:\/\/sucurriculum.com\/noticias\/wp-content\/uploads\/2020\/06\/Sin-t\u00edtulo-1-2-275x144.jpg 275w\" sizes=\"auto, (max-width: 600px) 100vw, 600px\" \/><\/figure>\n\n\n\n<h2 class=\"wp-block-heading\">INICIO<\/h2>\n\n\n\n<p>La pesta\u00f1a inicio te llevar\u00e1 al men\u00fa principal del blog, es decir, es la portada principal que sale una vez entras en la web. En ella aparecen todas las noticias mezcladas que van saliendo conforme las vamos publicando, tanto ofertas de empleo, como noticias relacionadas, consejos para entrevistas de trabajo, ayudas, subvenciones y prestaciones, oposiciones,  cursos y m\u00e1s.<\/p>\n\n\n\n<p>Una vez entras en alguna oferta de empleo normalmente encontrar\u00e1s toda la informaci\u00f3n disponible sobre el citado puesto de trabajo y un enlace para inscribirte y facilitar lo m\u00e1ximo posible el proceso. Suelen ser grandes ofertas de empleo a nivel nacional y de empresas consolidadas.<\/p>\n\n\n\n<p>Al igual que en las ofertas de empleo en las noticias sobre ayudas econ\u00f3micas tratamos de que sea lo mas sencillo posible para el usuario el conocer toda la informaci\u00f3n as\u00ed como solicitarlas. Por tanto en cada post relacionado con ayudas encontrar\u00e1s enlaces e instrucciones para completar o iniciar el proceso.<\/p>\n\n\n\n<p>En los post sobre oposiciones encontrar\u00e1s informaci\u00f3n resumida sobre el puesto de trabajo, los requisitos necesarios para acceder, asi como las funciones del empleo a desarrollar, temario y salario. Al final del art\u00edculo encontrar\u00e1s un peque\u00f1o formulario de inscripci\u00f3n que deber\u00e1s rellenar si estas interesado\/a, sencillo \u00bfno?.<\/p>\n\n\n\n<h2 class=\"wp-block-heading\">EMPLEO POR CIUDADES<\/h2>\n\n\n\n<figure class=\"wp-block-image size-large\"><img loading=\"lazy\" decoding=\"async\" width=\"600\" height=\"315\" src=\"https:\/\/sucurriculum.com\/noticias\/wp-content\/uploads\/2020\/06\/Sin-t\u00edtulo-1-3.jpg\" alt=\"\" class=\"wp-image-1438\" srcset=\"https:\/\/sucurriculum.com\/noticias\/wp-content\/uploads\/2020\/06\/Sin-t\u00edtulo-1-3.jpg 600w, https:\/\/sucurriculum.com\/noticias\/wp-content\/uploads\/2020\/06\/Sin-t\u00edtulo-1-3-300x158.jpg 300w, https:\/\/sucurriculum.com\/noticias\/wp-content\/uploads\/2020\/06\/Sin-t\u00edtulo-1-3-410x215.jpg 410w, https:\/\/sucurriculum.com\/noticias\/wp-content\/uploads\/2020\/06\/Sin-t\u00edtulo-1-3-100x53.jpg 100w, https:\/\/sucurriculum.com\/noticias\/wp-content\/uploads\/2020\/06\/Sin-t\u00edtulo-1-3-275x144.jpg 275w\" sizes=\"auto, (max-width: 600px) 100vw, 600px\" \/><\/figure>\n\n\n\n<p>Como el propio titulo indica se trata de ofertas de empleo distribuidas por ciudades para facilitar la b\u00fasqueda de empleo en tu ciudad o regi\u00f3n. <\/p>\n\n\n\n<p>Una vez pulsas en tu ciudad, antes de llegar a la secci\u00f3n de OFERTAS DE EMPLEO encontrar\u00e1s una pregunta que dice: \u00bfQue eres? y a continuaci\u00f3n:<\/p>\n\n\n\n<p>PARA EMPRESAS o PARA CANDIDATOS<\/p>\n\n\n\n<figure class=\"wp-block-image size-large\"><img loading=\"lazy\" decoding=\"async\" width=\"600\" height=\"315\" src=\"https:\/\/sucurriculum.com\/noticias\/wp-content\/uploads\/2020\/06\/Sin-t\u00edtulo-1-5.jpg\" alt=\"\" class=\"wp-image-1440\" srcset=\"https:\/\/sucurriculum.com\/noticias\/wp-content\/uploads\/2020\/06\/Sin-t\u00edtulo-1-5.jpg 600w, https:\/\/sucurriculum.com\/noticias\/wp-content\/uploads\/2020\/06\/Sin-t\u00edtulo-1-5-300x158.jpg 300w, https:\/\/sucurriculum.com\/noticias\/wp-content\/uploads\/2020\/06\/Sin-t\u00edtulo-1-5-410x215.jpg 410w, https:\/\/sucurriculum.com\/noticias\/wp-content\/uploads\/2020\/06\/Sin-t\u00edtulo-1-5-100x53.jpg 100w, https:\/\/sucurriculum.com\/noticias\/wp-content\/uploads\/2020\/06\/Sin-t\u00edtulo-1-5-275x144.jpg 275w\" sizes=\"auto, (max-width: 600px) 100vw, 600px\" \/><\/figure>\n\n\n\n<p>Si eres un candidato a un puesto de trabajo puedes darte de alta y crear tu propio curriculum vitae online. <\/p>\n\n\n\n<p>Si eres una empresa que necesita personal, en esta secci\u00f3n podr\u00e1s darte de alta para recibir candidatos interesados en tu empresa y tus ofertas de empleo.<\/p>\n\n\n\n<p>Un poco mas abajo encontrar\u00e1s las ofertas de empleo de tu ciudad. El proceso es muy sencillo e intuitivo. Una vez que veas una oferta que te interesa puedes acceder a ella pulsando sobre el bot\u00f3n VER DETALLES.<\/p>\n\n\n\n<figure class=\"wp-block-image size-large\"><img loading=\"lazy\" decoding=\"async\" width=\"600\" height=\"315\" src=\"https:\/\/sucurriculum.com\/noticias\/wp-content\/uploads\/2020\/06\/Sin-t\u00edtulo-1-4.jpg\" alt=\"\" class=\"wp-image-1439\" srcset=\"https:\/\/sucurriculum.com\/noticias\/wp-content\/uploads\/2020\/06\/Sin-t\u00edtulo-1-4.jpg 600w, https:\/\/sucurriculum.com\/noticias\/wp-content\/uploads\/2020\/06\/Sin-t\u00edtulo-1-4-300x158.jpg 300w, https:\/\/sucurriculum.com\/noticias\/wp-content\/uploads\/2020\/06\/Sin-t\u00edtulo-1-4-410x215.jpg 410w, https:\/\/sucurriculum.com\/noticias\/wp-content\/uploads\/2020\/06\/Sin-t\u00edtulo-1-4-100x53.jpg 100w, https:\/\/sucurriculum.com\/noticias\/wp-content\/uploads\/2020\/06\/Sin-t\u00edtulo-1-4-275x144.jpg 275w\" sizes=\"auto, (max-width: 600px) 100vw, 600px\" \/><\/figure>\n\n\n\n<p>Aqu\u00ed encontrar\u00e1s dos tipos de ofertas de empleo que no diferenciar\u00e1s hasta entrar en ellas:<\/p>\n\n\n\n<p>1.- Las propias de nuestra web<\/p>\n\n\n\n<p>2.- Las ofertas externas<\/p>\n\n\n\n<p>En las primeras encontrar\u00e1s un apartado donde directamente podr\u00e1s inscribirte en la oferta<\/p>\n\n\n\n<p>En las segundas te aparecer\u00e1 una peque\u00f1a pregunta: <\/p>\n\n\n\n<p>Le vamos a mandar a la oferta de empleo\u2026 pero antes de continuar:<br>\u00bfQuiere recibir alertas de empleo similares?<\/p>\n\n\n\n<figure class=\"wp-block-image size-large\"><img loading=\"lazy\" decoding=\"async\" width=\"600\" height=\"315\" src=\"https:\/\/sucurriculum.com\/noticias\/wp-content\/uploads\/2020\/06\/Sin-t\u00edtulo-1-7.jpg\" alt=\"\" class=\"wp-image-1487\" srcset=\"https:\/\/sucurriculum.com\/noticias\/wp-content\/uploads\/2020\/06\/Sin-t\u00edtulo-1-7.jpg 600w, https:\/\/sucurriculum.com\/noticias\/wp-content\/uploads\/2020\/06\/Sin-t\u00edtulo-1-7-300x158.jpg 300w, https:\/\/sucurriculum.com\/noticias\/wp-content\/uploads\/2020\/06\/Sin-t\u00edtulo-1-7-410x215.jpg 410w, https:\/\/sucurriculum.com\/noticias\/wp-content\/uploads\/2020\/06\/Sin-t\u00edtulo-1-7-100x53.jpg 100w, https:\/\/sucurriculum.com\/noticias\/wp-content\/uploads\/2020\/06\/Sin-t\u00edtulo-1-7-275x144.jpg 275w\" sizes=\"auto, (max-width: 600px) 100vw, 600px\" \/><\/figure>\n\n\n\n<p>Si pulsas que SI podr\u00e1s darte de alta en nuestra web (solo tendr\u00e1s que rellenarlo una vez) y recibir\u00e1s las ofertas de empleo similares a tu email de manera autom\u00e1tica y dispondr\u00e1s de otras ventajas que ya hemos comentado antes como tener tu propio apartado con tu curriculum que podr\u00e1s utilizar para promocionarte como candidato en tus entrevistas de trabajo. A continuaci\u00f3n podr\u00e1s inscribirte en la oferta de empleo a trav\u00e9s de una web externa.<\/p>\n\n\n\n<p>Si pulsas sobre el bot\u00f3n de NO, el navegador te redireccionar\u00e1 a la web externa de la oferta de empleo donde podr\u00e1s inscribirte.<\/p>\n\n\n\n<p>En esta secci\u00f3n encontrar\u00e1s tambi\u00e9n un apartado muy interesante de oposiciones.  <\/p>\n\n\n\n<figure class=\"wp-block-image size-large\"><img loading=\"lazy\" decoding=\"async\" width=\"600\" height=\"264\" src=\"https:\/\/sucurriculum.com\/noticias\/wp-content\/uploads\/2020\/06\/Sin-t\u00edtulo-1-13.jpg\" alt=\"\" class=\"wp-image-1498\" srcset=\"https:\/\/sucurriculum.com\/noticias\/wp-content\/uploads\/2020\/06\/Sin-t\u00edtulo-1-13.jpg 600w, https:\/\/sucurriculum.com\/noticias\/wp-content\/uploads\/2020\/06\/Sin-t\u00edtulo-1-13-300x132.jpg 300w, https:\/\/sucurriculum.com\/noticias\/wp-content\/uploads\/2020\/06\/Sin-t\u00edtulo-1-13-410x180.jpg 410w, https:\/\/sucurriculum.com\/noticias\/wp-content\/uploads\/2020\/06\/Sin-t\u00edtulo-1-13-100x44.jpg 100w, https:\/\/sucurriculum.com\/noticias\/wp-content\/uploads\/2020\/06\/Sin-t\u00edtulo-1-13-275x121.jpg 275w\" sizes=\"auto, (max-width: 600px) 100vw, 600px\" \/><\/figure>\n\n\n\n<p>Podr\u00e1s realizar un filtro:<\/p>\n\n\n\n<ul class=\"wp-block-list\"><li>A nivel Estatal<\/li><li>Por Comunidades Aut\u00f3nomas<\/li><li>Por localidades<\/li><li>Universidades<\/li><li>Uni\u00f3n Europea<\/li><\/ul>\n\n\n\n<p>Donde tambi\u00e9n encontrar\u00e1s un buscador para localizar los puestos que mas te interesan de manera mas r\u00e1pida.<\/p>\n\n\n\n<figure class=\"wp-block-image size-large\"><img loading=\"lazy\" decoding=\"async\" width=\"600\" height=\"286\" src=\"https:\/\/sucurriculum.com\/noticias\/wp-content\/uploads\/2020\/06\/Sin-t\u00edtulo-1-14.jpg\" alt=\"\" class=\"wp-image-1499\" srcset=\"https:\/\/sucurriculum.com\/noticias\/wp-content\/uploads\/2020\/06\/Sin-t\u00edtulo-1-14.jpg 600w, https:\/\/sucurriculum.com\/noticias\/wp-content\/uploads\/2020\/06\/Sin-t\u00edtulo-1-14-300x143.jpg 300w, https:\/\/sucurriculum.com\/noticias\/wp-content\/uploads\/2020\/06\/Sin-t\u00edtulo-1-14-410x195.jpg 410w, https:\/\/sucurriculum.com\/noticias\/wp-content\/uploads\/2020\/06\/Sin-t\u00edtulo-1-14-100x48.jpg 100w, https:\/\/sucurriculum.com\/noticias\/wp-content\/uploads\/2020\/06\/Sin-t\u00edtulo-1-14-275x131.jpg 275w\" sizes=\"auto, (max-width: 600px) 100vw, 600px\" \/><\/figure>\n\n\n\n<p>Esta apartado est\u00e1 mas centrado en oposiciones de un numero reducido de puestos de trabajo. No se trata de oposiciones a gran escala como puedes encontrar en la categor\u00eda oposiciones del men\u00fa principal.<\/p>\n\n\n\n<p>Dentro de cada una de ellas podr\u00e1s encontrar todos los detalles publicados.<\/p>\n\n\n\n<h2 class=\"wp-block-heading\">CATEGORIAS<\/h2>\n\n\n\n<p>En la pesta\u00f1a de categor\u00edas encontrar\u00e1s todos los art\u00edculos por secciones donde podr\u00e1s elegir entre: <\/p>\n\n\n\n<ul class=\"wp-block-list\"><li>Ofertas de empleo<\/li><li>Noticias de empleo<\/li><li>Noticias de Actualidad<\/li><li>Ayudas<\/li><li>Empleo p\u00fablico<\/li><li>Oposiciones<\/li><li>Consejos<\/li><\/ul>\n\n\n\n<figure class=\"wp-block-image size-large\"><img loading=\"lazy\" decoding=\"async\" width=\"600\" height=\"315\" src=\"https:\/\/sucurriculum.com\/noticias\/wp-content\/uploads\/2020\/06\/Sin-t\u00edtulo-1-8.jpg\" alt=\"\" class=\"wp-image-1489\" srcset=\"https:\/\/sucurriculum.com\/noticias\/wp-content\/uploads\/2020\/06\/Sin-t\u00edtulo-1-8.jpg 600w, https:\/\/sucurriculum.com\/noticias\/wp-content\/uploads\/2020\/06\/Sin-t\u00edtulo-1-8-300x158.jpg 300w, https:\/\/sucurriculum.com\/noticias\/wp-content\/uploads\/2020\/06\/Sin-t\u00edtulo-1-8-410x215.jpg 410w, https:\/\/sucurriculum.com\/noticias\/wp-content\/uploads\/2020\/06\/Sin-t\u00edtulo-1-8-100x53.jpg 100w, https:\/\/sucurriculum.com\/noticias\/wp-content\/uploads\/2020\/06\/Sin-t\u00edtulo-1-8-275x144.jpg 275w\" sizes=\"auto, (max-width: 600px) 100vw, 600px\" \/><\/figure>\n\n\n\n<h2 class=\"wp-block-heading\">TU CURRICULUM<\/h2>\n\n\n\n<figure class=\"wp-block-image size-large\"><img loading=\"lazy\" decoding=\"async\" width=\"600\" height=\"315\" src=\"https:\/\/sucurriculum.com\/noticias\/wp-content\/uploads\/2020\/06\/Sin-t\u00edtulo-1-10.jpg\" alt=\"\" class=\"wp-image-1492\" srcset=\"https:\/\/sucurriculum.com\/noticias\/wp-content\/uploads\/2020\/06\/Sin-t\u00edtulo-1-10.jpg 600w, https:\/\/sucurriculum.com\/noticias\/wp-content\/uploads\/2020\/06\/Sin-t\u00edtulo-1-10-300x158.jpg 300w, https:\/\/sucurriculum.com\/noticias\/wp-content\/uploads\/2020\/06\/Sin-t\u00edtulo-1-10-410x215.jpg 410w, https:\/\/sucurriculum.com\/noticias\/wp-content\/uploads\/2020\/06\/Sin-t\u00edtulo-1-10-100x53.jpg 100w, https:\/\/sucurriculum.com\/noticias\/wp-content\/uploads\/2020\/06\/Sin-t\u00edtulo-1-10-275x144.jpg 275w\" sizes=\"auto, (max-width: 600px) 100vw, 600px\" \/><\/figure>\n\n\n\n<p>En este apartado podr\u00e1s darte de alta rellenando los diferentes apartados para crear tu propio curriculum como ya hemos explicado antes.<\/p>\n\n\n\n<figure class=\"wp-block-image size-large\"><img loading=\"lazy\" decoding=\"async\" width=\"600\" height=\"278\" src=\"https:\/\/sucurriculum.com\/noticias\/wp-content\/uploads\/2020\/06\/Sin-t\u00edtulo-1-9.jpg\" alt=\"\" class=\"wp-image-1491\" srcset=\"https:\/\/sucurriculum.com\/noticias\/wp-content\/uploads\/2020\/06\/Sin-t\u00edtulo-1-9.jpg 600w, https:\/\/sucurriculum.com\/noticias\/wp-content\/uploads\/2020\/06\/Sin-t\u00edtulo-1-9-300x139.jpg 300w, https:\/\/sucurriculum.com\/noticias\/wp-content\/uploads\/2020\/06\/Sin-t\u00edtulo-1-9-410x190.jpg 410w, https:\/\/sucurriculum.com\/noticias\/wp-content\/uploads\/2020\/06\/Sin-t\u00edtulo-1-9-100x46.jpg 100w, https:\/\/sucurriculum.com\/noticias\/wp-content\/uploads\/2020\/06\/Sin-t\u00edtulo-1-9-275x127.jpg 275w\" sizes=\"auto, (max-width: 600px) 100vw, 600px\" \/><\/figure>\n\n\n\n<p>Pulsando sobre \u00abDate de Alta\u00bb encontrar\u00e1s el siguiente formulario:<\/p>\n\n\n\n<figure class=\"wp-block-image size-large\"><img loading=\"lazy\" decoding=\"async\" width=\"600\" height=\"186\" src=\"https:\/\/sucurriculum.com\/noticias\/wp-content\/uploads\/2020\/06\/Sin-t\u00edtulo-1-18.jpg\" alt=\"\" class=\"wp-image-1586\" srcset=\"https:\/\/sucurriculum.com\/noticias\/wp-content\/uploads\/2020\/06\/Sin-t\u00edtulo-1-18.jpg 600w, https:\/\/sucurriculum.com\/noticias\/wp-content\/uploads\/2020\/06\/Sin-t\u00edtulo-1-18-300x93.jpg 300w, https:\/\/sucurriculum.com\/noticias\/wp-content\/uploads\/2020\/06\/Sin-t\u00edtulo-1-18-410x127.jpg 410w, https:\/\/sucurriculum.com\/noticias\/wp-content\/uploads\/2020\/06\/Sin-t\u00edtulo-1-18-100x31.jpg 100w, https:\/\/sucurriculum.com\/noticias\/wp-content\/uploads\/2020\/06\/Sin-t\u00edtulo-1-18-275x85.jpg 275w\" sizes=\"auto, (max-width: 600px) 100vw, 600px\" \/><\/figure>\n\n\n\n<p>Donde solo tendr\u00e1s que poner tu nombre completo, email y una contrase\u00f1a para acceder. <\/p>\n\n\n\n<p>Una vez le hayas pulsado al bot\u00f3n \u00abENVIAR\u00bb le llegar\u00e1 un email a su direcci\u00f3n de correo electr\u00f3nico donde deber\u00e1s pulsar sobre el enlace para activar la cuenta y listo. Ahora podremos rellenar nuestro Curriculum.<\/p>\n\n\n\n<p>Volveremos a introducir nuestro correo y contrase\u00f1a y aparecer\u00e1 esta pantalla:<\/p>\n\n\n\n<figure class=\"wp-block-image size-large\"><img loading=\"lazy\" decoding=\"async\" width=\"600\" height=\"283\" src=\"https:\/\/sucurriculum.com\/noticias\/wp-content\/uploads\/2020\/06\/Sin-t\u00edtulo-1-19.jpg\" alt=\"\" class=\"wp-image-1588\" srcset=\"https:\/\/sucurriculum.com\/noticias\/wp-content\/uploads\/2020\/06\/Sin-t\u00edtulo-1-19.jpg 600w, https:\/\/sucurriculum.com\/noticias\/wp-content\/uploads\/2020\/06\/Sin-t\u00edtulo-1-19-300x142.jpg 300w, https:\/\/sucurriculum.com\/noticias\/wp-content\/uploads\/2020\/06\/Sin-t\u00edtulo-1-19-410x193.jpg 410w, https:\/\/sucurriculum.com\/noticias\/wp-content\/uploads\/2020\/06\/Sin-t\u00edtulo-1-19-100x47.jpg 100w, https:\/\/sucurriculum.com\/noticias\/wp-content\/uploads\/2020\/06\/Sin-t\u00edtulo-1-19-275x130.jpg 275w\" sizes=\"auto, (max-width: 600px) 100vw, 600px\" \/><\/figure>\n\n\n\n<p>Una vez aqu\u00ed podr\u00e1s rellenar tus datos, realizar una presentaci\u00f3n, escribir toda tu formaci\u00f3n, experiencia y mucho mas. Es muy sencillo e intuitivo.<\/p>\n\n\n\n<p>Y te estar\u00e1s preguntando \u00bfPara que sirve esto? Pues se trata de tener un curriculum vitae online, donde dispones de tu propia URL, es decir tu propia p\u00e1gina donde tienes colgado siempre tu CV, que te servir\u00e1 para darle un valor a\u00f1adido a tus candidaturas de empleo. <\/p>\n\n\n\n<p>Puedes comprobar tu URL en rojo (justo debajo de donde pone La URL de tu Curriculum es:). Podr\u00e1s compartir esta direcci\u00f3n con las empresas para que accedan directamente a tu curriculum, sencillo \u00bfno?.<\/p>\n\n\n\n<p>Otra ventaja de tener \u00abtucurriculum\u00bb es que podr\u00e1s recibir alertas de las ofertas de empleo que m\u00e1s te interesen directamente a tu correo electr\u00f3nico. Podr\u00e1s gestionarlo en la pesta\u00f1a \u00abalertas\u00bb.<\/p>\n\n\n\n<figure class=\"wp-block-image size-large\"><img loading=\"lazy\" decoding=\"async\" width=\"600\" height=\"275\" src=\"https:\/\/sucurriculum.com\/noticias\/wp-content\/uploads\/2020\/06\/Sin-t\u00edtulo-1-20.jpg\" alt=\"\" class=\"wp-image-1590\" srcset=\"https:\/\/sucurriculum.com\/noticias\/wp-content\/uploads\/2020\/06\/Sin-t\u00edtulo-1-20.jpg 600w, https:\/\/sucurriculum.com\/noticias\/wp-content\/uploads\/2020\/06\/Sin-t\u00edtulo-1-20-300x138.jpg 300w, https:\/\/sucurriculum.com\/noticias\/wp-content\/uploads\/2020\/06\/Sin-t\u00edtulo-1-20-410x188.jpg 410w, https:\/\/sucurriculum.com\/noticias\/wp-content\/uploads\/2020\/06\/Sin-t\u00edtulo-1-20-100x46.jpg 100w, https:\/\/sucurriculum.com\/noticias\/wp-content\/uploads\/2020\/06\/Sin-t\u00edtulo-1-20-275x126.jpg 275w\" sizes=\"auto, (max-width: 600px) 100vw, 600px\" \/><\/figure>\n\n\n\n<h2 class=\"wp-block-heading\">OFRECER EMPLEO<\/h2>\n\n\n\n<figure class=\"wp-block-image size-large\"><img loading=\"lazy\" decoding=\"async\" width=\"600\" height=\"315\" src=\"https:\/\/sucurriculum.com\/noticias\/wp-content\/uploads\/2020\/06\/Sin-t\u00edtulo-1-11.jpg\" alt=\"\" class=\"wp-image-1494\" srcset=\"https:\/\/sucurriculum.com\/noticias\/wp-content\/uploads\/2020\/06\/Sin-t\u00edtulo-1-11.jpg 600w, https:\/\/sucurriculum.com\/noticias\/wp-content\/uploads\/2020\/06\/Sin-t\u00edtulo-1-11-300x158.jpg 300w, https:\/\/sucurriculum.com\/noticias\/wp-content\/uploads\/2020\/06\/Sin-t\u00edtulo-1-11-410x215.jpg 410w, https:\/\/sucurriculum.com\/noticias\/wp-content\/uploads\/2020\/06\/Sin-t\u00edtulo-1-11-100x53.jpg 100w, https:\/\/sucurriculum.com\/noticias\/wp-content\/uploads\/2020\/06\/Sin-t\u00edtulo-1-11-275x144.jpg 275w\" sizes=\"auto, (max-width: 600px) 100vw, 600px\" \/><\/figure>\n\n\n\n<p>Si eres una empresa y Ofreces puestos de trabajo aqu\u00ed podr\u00e1s darte de alta y de esta manera recibir\u00e1s candidatos inscritos en tus ofertas de empleo.<\/p>\n\n\n\n<figure class=\"wp-block-image size-large\"><img loading=\"lazy\" decoding=\"async\" width=\"600\" height=\"285\" src=\"https:\/\/sucurriculum.com\/noticias\/wp-content\/uploads\/2020\/06\/Sin-t\u00edtulo-1-12.jpg\" alt=\"\" class=\"wp-image-1495\" srcset=\"https:\/\/sucurriculum.com\/noticias\/wp-content\/uploads\/2020\/06\/Sin-t\u00edtulo-1-12.jpg 600w, https:\/\/sucurriculum.com\/noticias\/wp-content\/uploads\/2020\/06\/Sin-t\u00edtulo-1-12-300x143.jpg 300w, https:\/\/sucurriculum.com\/noticias\/wp-content\/uploads\/2020\/06\/Sin-t\u00edtulo-1-12-410x195.jpg 410w, https:\/\/sucurriculum.com\/noticias\/wp-content\/uploads\/2020\/06\/Sin-t\u00edtulo-1-12-100x48.jpg 100w, https:\/\/sucurriculum.com\/noticias\/wp-content\/uploads\/2020\/06\/Sin-t\u00edtulo-1-12-275x131.jpg 275w\" sizes=\"auto, (max-width: 600px) 100vw, 600px\" \/><\/figure>\n\n\n\n<p>Y esto es todo. Si tienes alguna duda <a href=\"https:\/\/sucurriculum.com\/noticias\/contacto\/\"><strong>CONTACTA CON NOSOTROS<\/strong><\/a><\/p>\n","protected":false},"excerpt":{"rendered":"<p>Como muchos ya sab&eacute;is nuestro portal trata de ayudar a nuestros seguidores a encontrar un puesto de trabajo y mantenerse informado sobre todos los temas de actualidad relacionados con el empleo. Tanto noticias de actualidad, como ayudas econ&oacute;micas, consejos y mucho mas . En nuestro blog dispones de diferentes secciones donde puedes encontrar Ofertas de [&hellip;]<\/p>\n","protected":false},"author":1,"featured_media":1502,"parent":0,"menu_order":0,"comment_status":"closed","ping_status":"closed","template":"","meta":{"footnotes":""},"class_list":["post-1634","page","type-page","status-publish","has-post-thumbnail","hentry"],"amp_enabled":true,"_links":{"self":[{"href":"https:\/\/sucurriculum.com\/noticias\/wp-json\/wp\/v2\/pages\/1634","targetHints":{"allow":["GET"]}}],"collection":[{"href":"https:\/\/sucurriculum.com\/noticias\/wp-json\/wp\/v2\/pages"}],"about":[{"href":"https:\/\/sucurriculum.com\/noticias\/wp-json\/wp\/v2\/types\/page"}],"author":[{"embeddable":true,"href":"https:\/\/sucurriculum.com\/noticias\/wp-json\/wp\/v2\/users\/1"}],"replies":[{"embeddable":true,"href":"https:\/\/sucurriculum.com\/noticias\/wp-json\/wp\/v2\/comments?post=1634"}],"version-history":[{"count":1,"href":"https:\/\/sucurriculum.com\/noticias\/wp-json\/wp\/v2\/pages\/1634\/revisions"}],"predecessor-version":[{"id":1635,"href":"https:\/\/sucurriculum.com\/noticias\/wp-json\/wp\/v2\/pages\/1634\/revisions\/1635"}],"wp:featuredmedia":[{"embeddable":true,"href":"https:\/\/sucurriculum.com\/noticias\/wp-json\/wp\/v2\/media\/1502"}],"wp:attachment":[{"href":"https:\/\/sucurriculum.com\/noticias\/wp-json\/wp\/v2\/media?parent=1634"}],"curies":[{"name":"wp","href":"https:\/\/api.w.org\/{rel}","templated":true}]}}